{"id":12,"date":"2025-12-04T13:42:07","date_gmt":"2025-12-04T13:42:07","guid":{"rendered":"http:\/\/pigmentik.com\/?page_id=12"},"modified":"2026-02-09T14:35:05","modified_gmt":"2026-02-09T14:35:05","slug":"l-equipe","status":"publish","type":"page","link":"https:\/\/pigmentik.com\/index.php\/l-equipe\/","title":{"rendered":"L&#8217;\u00e9quipe"},"content":{"rendered":"\t\t<div data-elementor-type=\"wp-page\" data-elementor-id=\"12\" class=\"elementor elementor-12\">\n\t\t\t\t<div class=\"elementor-element elementor-element-0d795ec e-flex e-con-boxed e-con e-parent\" data-id=\"0d795ec\" data-element_type=\"container\" data-e-type=\"container\">\n\t\t\t\t\t<div class=\"e-con-inner\">\n\t\t<div class=\"elementor-element elementor-element-68d851a e-con-full e-flex e-con e-child\" data-id=\"68d851a\" data-element_type=\"container\" data-e-type=\"container\" data-settings=\"{&quot;background_background&quot;:&quot;classic&quot;}\">\n\t\t<div class=\"elementor-element elementor-element-bb96a81 e-con-full e-flex e-con e-child\" data-id=\"bb96a81\" data-element_type=\"container\" data-e-type=\"container\" data-settings=\"{&quot;background_background&quot;:&quot;classic&quot;}\">\n\t\t\t\t<div class=\"elementor-element elementor-element-9e3311d elementor-widget elementor-widget-text-editor\" data-id=\"9e3311d\" data-element_type=\"widget\" data-e-type=\"widget\" data-widget_type=\"text-editor.default\">\n\t\t\t\t\t\t\t\t\t<p><span style=\"font-family: Cormorant; font-size: 60px;\"><strong style=\"caret-color: #FFFFFF; color: #ffffff; white-space: normal;\">L&#8217;\u00e9quipe<\/strong><\/span><\/p>\t\t\t\t\t\t\t\t<\/div>\n\t\t\t\t<div class=\"elementor-element elementor-element-77e3499 elementor-widget-divider--view-line elementor-widget elementor-widget-divider\" data-id=\"77e3499\" data-element_type=\"widget\" data-e-type=\"widget\" data-widget_type=\"divider.default\">\n\t\t\t\t\t\t\t<div class=\"elementor-divider\">\n\t\t\t<span class=\"elementor-divider-separator\">\n\t\t\t\t\t\t<\/span>\n\t\t<\/div>\n\t\t\t\t\t\t<\/div>\n\t\t\t\t<\/div>\n\t\t\t\t<\/div>\n\t\t\t\t\t<\/div>\n\t\t\t\t<\/div>\n\t\t<div class=\"elementor-element elementor-element-1df13b2 e-con-full e-flex e-con e-child\" data-id=\"1df13b2\" data-element_type=\"container\" data-e-type=\"container\">\n\t\t\t\t<div class=\"elementor-element elementor-element-90a1362 elementor-widget elementor-widget-text-editor\" data-id=\"90a1362\" data-element_type=\"widget\" data-e-type=\"widget\" data-widget_type=\"text-editor.default\">\n\t\t\t\t\t\t\t\t\t<p><span style=\"font-family: Cormorant; font-size: 20px;\">L\u2019\u00e9quipe Pigmentik r\u00e9unit des cr\u00e9atifs aux comp\u00e9tences compl\u00e9mentaires. Je con\u00e7ois, Ozan peint : deux voix d\u2019un m\u00eame r\u00e9cit, port\u00e9es par une d\u00e9marche po\u00e9tique et contemporaine, enrichie au fil des projets par des collaborations choisies selon les besoins.<\/span><\/p>\t\t\t\t\t\t\t\t<\/div>\n\t\t<div class=\"elementor-element elementor-element-d16a1fc e-flex e-con-boxed e-con e-child\" data-id=\"d16a1fc\" data-element_type=\"container\" data-e-type=\"container\">\n\t\t\t\t\t<div class=\"e-con-inner\">\n\t\t<div class=\"elementor-element elementor-element-d15a767 e-con-full e-flex e-con e-child\" data-id=\"d15a767\" data-element_type=\"container\" data-e-type=\"container\">\n\t\t<div class=\"elementor-element elementor-element-ff5e8ab e-con-full e-flex e-con e-child\" data-id=\"ff5e8ab\" data-element_type=\"container\" data-e-type=\"container\">\n\t\t\t\t<div class=\"elementor-element elementor-element-69aa752 elementor-widget elementor-widget-image\" data-id=\"69aa752\" data-element_type=\"widget\" data-e-type=\"widget\" data-widget_type=\"image.default\">\n\t\t\t\t\t\t\t\t\t\t\t\t\t\t\t<img fetchpriority=\"high\" decoding=\"async\" width=\"871\" height=\"627\" src=\"https:\/\/pigmentik.com\/wp-content\/uploads\/2026\/01\/Caroline.png\" class=\"attachment-full size-full wp-image-506\" alt=\"\" srcset=\"https:\/\/pigmentik.com\/wp-content\/uploads\/2026\/01\/Caroline.png 871w, https:\/\/pigmentik.com\/wp-content\/uploads\/2026\/01\/Caroline-300x216.png 300w, https:\/\/pigmentik.com\/wp-content\/uploads\/2026\/01\/Caroline-768x553.png 768w\" sizes=\"(max-width: 871px) 100vw, 871px\" \/>\t\t\t\t\t\t\t\t\t\t\t\t\t\t\t<\/div>\n\t\t\t\t<div class=\"elementor-element elementor-element-d0282db elementor-widget-divider--view-line elementor-widget elementor-widget-divider\" data-id=\"d0282db\" data-element_type=\"widget\" data-e-type=\"widget\" data-widget_type=\"divider.default\">\n\t\t\t\t\t\t\t<div class=\"elementor-divider\">\n\t\t\t<span class=\"elementor-divider-separator\">\n\t\t\t\t\t\t<\/span>\n\t\t<\/div>\n\t\t\t\t\t\t<\/div>\n\t\t<div class=\"elementor-element elementor-element-bacda32 e-con-full e-flex e-con e-child\" data-id=\"bacda32\" data-element_type=\"container\" data-e-type=\"container\">\n\t\t\t\t<div class=\"elementor-element elementor-element-4e8f692 elementor-widget elementor-widget-heading\" data-id=\"4e8f692\" data-element_type=\"widget\" data-e-type=\"widget\" data-widget_type=\"heading.default\">\n\t\t\t\t\t<h4 class=\"elementor-heading-title elementor-size-default\">Caroline<\/h4>\t\t\t\t<\/div>\n\t\t\t\t<div class=\"elementor-element elementor-element-ec863c5 elementor-widget elementor-widget-heading\" data-id=\"ec863c5\" data-element_type=\"widget\" data-e-type=\"widget\" data-widget_type=\"heading.default\">\n\t\t\t\t\t<h3 class=\"elementor-heading-title elementor-size-default\">Styliste et Directrice Artistique<\/h3>\t\t\t\t<\/div>\n\t\t\t\t<\/div>\n\t\t\t\t<div class=\"elementor-element elementor-element-b525f24 elementor-widget elementor-widget-text-editor\" data-id=\"b525f24\" data-element_type=\"widget\" data-e-type=\"widget\" data-widget_type=\"text-editor.default\">\n\t\t\t\t\t\t\t\t\t<p><span style=\"font-size: 14px;\">Caroline apporte sa vision artistique et son sens du d\u00e9tail \u00e0 chaque projet Pigmentik. Avec une solide exp\u00e9rience en direction artistique dans l\u2019\u00e9v\u00e9nementiel et la publicit\u00e9, elle transforme id\u00e9es et espaces en cr\u00e9ations uniques et sur mesure, adapt\u00e9es aux murs, objets et textiles. Sa sensibilit\u00e9 \u00e0 la couleur, \u00e0 la mati\u00e8re et \u00e0 l\u2019harmonie fait de chaque fresque une \u0153uvre \u00e0 part enti\u00e8re.<\/span><\/p>\t\t\t\t\t\t\t\t<\/div>\n\t\t\t\t<div class=\"elementor-element elementor-element-653774a elementor-widget elementor-widget-heading\" data-id=\"653774a\" data-element_type=\"widget\" data-e-type=\"widget\" data-widget_type=\"heading.default\">\n\t\t\t\t\t<h3 class=\"elementor-heading-title elementor-size-default\"><a href=\"https:\/\/www.instagram.com\/no.caro.art?igsh=Z2FoNnoydHU4cjZk&#038;utm_source=qr\">@no.caro.art<\/a><\/h3>\t\t\t\t<\/div>\n\t\t\t\t<\/div>\n\t\t<div class=\"elementor-element elementor-element-fe400fa e-con-full e-flex e-con e-child\" data-id=\"fe400fa\" data-element_type=\"container\" data-e-type=\"container\" data-settings=\"{&quot;background_background&quot;:&quot;classic&quot;}\">\n\t\t\t\t<div class=\"elementor-element elementor-element-69644a2 elementor-widget elementor-widget-image\" data-id=\"69644a2\" data-element_type=\"widget\" data-e-type=\"widget\" data-widget_type=\"image.default\">\n\t\t\t\t\t\t\t\t\t\t\t\t\t\t\t<img decoding=\"async\" width=\"871\" height=\"627\" src=\"https:\/\/pigmentik.com\/wp-content\/uploads\/2026\/01\/Elmoez.png\" class=\"attachment-full size-full wp-image-507\" alt=\"\" srcset=\"https:\/\/pigmentik.com\/wp-content\/uploads\/2026\/01\/Elmoez.png 871w, https:\/\/pigmentik.com\/wp-content\/uploads\/2026\/01\/Elmoez-300x216.png 300w, https:\/\/pigmentik.com\/wp-content\/uploads\/2026\/01\/Elmoez-768x553.png 768w\" sizes=\"(max-width: 871px) 100vw, 871px\" \/>\t\t\t\t\t\t\t\t\t\t\t\t\t\t\t<\/div>\n\t\t\t\t<div class=\"elementor-element elementor-element-eb9f6b8 elementor-widget-divider--view-line elementor-widget elementor-widget-divider\" data-id=\"eb9f6b8\" data-element_type=\"widget\" data-e-type=\"widget\" data-widget_type=\"divider.default\">\n\t\t\t\t\t\t\t<div class=\"elementor-divider\">\n\t\t\t<span class=\"elementor-divider-separator\">\n\t\t\t\t\t\t<\/span>\n\t\t<\/div>\n\t\t\t\t\t\t<\/div>\n\t\t<div class=\"elementor-element elementor-element-b842722 e-con-full e-flex e-con e-child\" data-id=\"b842722\" data-element_type=\"container\" data-e-type=\"container\">\n\t\t\t\t<div class=\"elementor-element elementor-element-de953b8 elementor-widget elementor-widget-heading\" data-id=\"de953b8\" data-element_type=\"widget\" data-e-type=\"widget\" data-widget_type=\"heading.default\">\n\t\t\t\t\t<h4 class=\"elementor-heading-title elementor-size-default\">Elmoez<\/h4>\t\t\t\t<\/div>\n\t\t\t\t<div class=\"elementor-element elementor-element-84fa279 elementor-widget elementor-widget-heading\" data-id=\"84fa279\" data-element_type=\"widget\" data-e-type=\"widget\" data-widget_type=\"heading.default\">\n\t\t\t\t\t<h3 class=\"elementor-heading-title elementor-size-default\">Peintre et Artiste International<\/h3>\t\t\t\t<\/div>\n\t\t\t\t<\/div>\n\t\t\t\t<div class=\"elementor-element elementor-element-f014927 elementor-widget elementor-widget-text-editor\" data-id=\"f014927\" data-element_type=\"widget\" data-e-type=\"widget\" data-widget_type=\"text-editor.default\">\n\t\t\t\t\t\t\t\t\t<p><span style=\"font-size: 14px;\">Peintre depuis toujours, Elmoez explore la couleur et la mati\u00e8re avec ma\u00eetrise et sensibilit\u00e9. Ses \u0153uvres, expos\u00e9es et vendues dans le monde entier, nourrissent chaque projet Pigmentik d\u2019une expertise artistique exceptionnelle, pour sublimer murs et objets.<\/span><\/p>\t\t\t\t\t\t\t\t<\/div>\n\t\t\t\t<div class=\"elementor-element elementor-element-ca0b2be elementor-widget elementor-widget-heading\" data-id=\"ca0b2be\" data-element_type=\"widget\" data-e-type=\"widget\" data-widget_type=\"heading.default\">\n\t\t\t\t\t<h3 class=\"elementor-heading-title elementor-size-default\"><a href=\"https:\/\/www.instagram.com\/ozan_virgule?igsh=MW1objNrbHkyaWF5dg==\">@ozan.virgule<\/a><\/h3>\t\t\t\t<\/div>\n\t\t\t\t<\/div>\n\t\t\t\t<\/div>\n\t\t\t\t\t<\/div>\n\t\t\t\t<\/div>\n\t\t\t\t<\/div>\n\t\t\t\t<\/div>\n\t\t","protected":false},"excerpt":{"rendered":"<p>L&#8217;\u00e9quipe L\u2019\u00e9quipe Pigmentik r\u00e9unit des cr\u00e9atifs aux comp\u00e9tences compl\u00e9mentaires. Je con\u00e7ois, Ozan peint : deux voix d\u2019un m\u00eame r\u00e9cit, port\u00e9es par une d\u00e9marche po\u00e9tique et contemporaine, enrichie au fil des projets par des collaborations choisies selon les besoins. Caroline Styliste et Directrice Artistique Caroline apporte sa vision artistique et son sens du d\u00e9tail \u00e0 chaque [&hellip;]<\/p>\n","protected":false},"author":1,"featured_media":0,"parent":0,"menu_order":0,"comment_status":"closed","ping_status":"closed","template":"","meta":{"footnotes":""},"class_list":["post-12","page","type-page","status-publish","hentry"],"yoast_head":"<!-- This site is optimized with the Yoast SEO plugin v26.8 - https:\/\/yoast.com\/product\/yoast-seo-wordpress\/ -->\n<title>L&#039;\u00e9quipe - Boutique BDM<\/title>\n<meta name=\"description\" content=\"D\u00e9couvrez l\u2019\u00e9quipe Pigmentik : des cr\u00e9atifs aux comp\u00e9tences compl\u00e9mentaires, r\u00e9unis pour imaginer des projets po\u00e9tiques et contemporains sur-mesure.\" \/>\n<meta name=\"robots\" content=\"index, follow, max-snippet:-1, max-image-preview:large, max-video-preview:-1\" \/>\n<link rel=\"canonical\" href=\"https:\/\/pigmentik.com\/index.php\/l-equipe\/\" \/>\n<meta property=\"og:locale\" content=\"en_US\" \/>\n<meta property=\"og:type\" content=\"article\" \/>\n<meta property=\"og:title\" content=\"L&#039;\u00e9quipe - Boutique BDM\" \/>\n<meta property=\"og:description\" content=\"D\u00e9couvrez l\u2019\u00e9quipe Pigmentik : des cr\u00e9atifs aux comp\u00e9tences compl\u00e9mentaires, r\u00e9unis pour imaginer des projets po\u00e9tiques et contemporains sur-mesure.\" \/>\n<meta property=\"og:url\" content=\"https:\/\/pigmentik.com\/index.php\/l-equipe\/\" \/>\n<meta property=\"og:site_name\" content=\"Boutique BDM\" \/>\n<meta property=\"article:modified_time\" content=\"2026-02-09T14:35:05+00:00\" \/>\n<meta property=\"og:image\" content=\"http:\/\/pigmentik.com\/wp-content\/uploads\/2026\/01\/Caroline.png\" \/>\n<meta name=\"twitter:card\" content=\"summary_large_image\" \/>\n<meta name=\"twitter:label1\" content=\"Est. reading time\" \/>\n\t<meta name=\"twitter:data1\" content=\"1 minute\" \/>\n<script type=\"application\/ld+json\" class=\"yoast-schema-graph\">{\"@context\":\"https:\/\/schema.org\",\"@graph\":[{\"@type\":\"WebPage\",\"@id\":\"https:\/\/pigmentik.com\/index.php\/l-equipe\/\",\"url\":\"https:\/\/pigmentik.com\/index.php\/l-equipe\/\",\"name\":\"L'\u00e9quipe - Boutique BDM\",\"isPartOf\":{\"@id\":\"https:\/\/pigmentik.com\/#website\"},\"primaryImageOfPage\":{\"@id\":\"https:\/\/pigmentik.com\/index.php\/l-equipe\/#primaryimage\"},\"image\":{\"@id\":\"https:\/\/pigmentik.com\/index.php\/l-equipe\/#primaryimage\"},\"thumbnailUrl\":\"http:\/\/pigmentik.com\/wp-content\/uploads\/2026\/01\/Caroline.png\",\"datePublished\":\"2025-12-04T13:42:07+00:00\",\"dateModified\":\"2026-02-09T14:35:05+00:00\",\"description\":\"D\u00e9couvrez l\u2019\u00e9quipe Pigmentik : des cr\u00e9atifs aux comp\u00e9tences compl\u00e9mentaires, r\u00e9unis pour imaginer des projets po\u00e9tiques et contemporains sur-mesure.\",\"breadcrumb\":{\"@id\":\"https:\/\/pigmentik.com\/index.php\/l-equipe\/#breadcrumb\"},\"inLanguage\":\"en-US\",\"potentialAction\":[{\"@type\":\"ReadAction\",\"target\":[\"https:\/\/pigmentik.com\/index.php\/l-equipe\/\"]}]},{\"@type\":\"ImageObject\",\"inLanguage\":\"en-US\",\"@id\":\"https:\/\/pigmentik.com\/index.php\/l-equipe\/#primaryimage\",\"url\":\"http:\/\/pigmentik.com\/wp-content\/uploads\/2026\/01\/Caroline.png\",\"contentUrl\":\"http:\/\/pigmentik.com\/wp-content\/uploads\/2026\/01\/Caroline.png\"},{\"@type\":\"BreadcrumbList\",\"@id\":\"https:\/\/pigmentik.com\/index.php\/l-equipe\/#breadcrumb\",\"itemListElement\":[{\"@type\":\"ListItem\",\"position\":1,\"name\":\"Home\",\"item\":\"https:\/\/pigmentik.com\/\"},{\"@type\":\"ListItem\",\"position\":2,\"name\":\"L&#8217;\u00e9quipe\"}]},{\"@type\":\"WebSite\",\"@id\":\"https:\/\/pigmentik.com\/#website\",\"url\":\"https:\/\/pigmentik.com\/\",\"name\":\"Pigmentik.com\",\"description\":\"chaque surface devient art\",\"publisher\":{\"@id\":\"https:\/\/pigmentik.com\/#organization\"},\"potentialAction\":[{\"@type\":\"SearchAction\",\"target\":{\"@type\":\"EntryPoint\",\"urlTemplate\":\"https:\/\/pigmentik.com\/?s={search_term_string}\"},\"query-input\":{\"@type\":\"PropertyValueSpecification\",\"valueRequired\":true,\"valueName\":\"search_term_string\"}}],\"inLanguage\":\"en-US\"},{\"@type\":\"Organization\",\"@id\":\"https:\/\/pigmentik.com\/#organization\",\"name\":\"Pigmentik.com\",\"url\":\"https:\/\/pigmentik.com\/\",\"logo\":{\"@type\":\"ImageObject\",\"inLanguage\":\"en-US\",\"@id\":\"https:\/\/pigmentik.com\/#\/schema\/logo\/image\/\",\"url\":\"https:\/\/pigmentik.com\/wp-content\/uploads\/2026\/01\/Logo-pigmentik-or-scaled.png\",\"contentUrl\":\"https:\/\/pigmentik.com\/wp-content\/uploads\/2026\/01\/Logo-pigmentik-or-scaled.png\",\"width\":2560,\"height\":741,\"caption\":\"Pigmentik.com\"},\"image\":{\"@id\":\"https:\/\/pigmentik.com\/#\/schema\/logo\/image\/\"}}]}<\/script>\n<!-- \/ Yoast SEO plugin. -->","yoast_head_json":{"title":"L'\u00e9quipe - Boutique BDM","description":"D\u00e9couvrez l\u2019\u00e9quipe Pigmentik : des cr\u00e9atifs aux comp\u00e9tences compl\u00e9mentaires, r\u00e9unis pour imaginer des projets po\u00e9tiques et contemporains sur-mesure.","robots":{"index":"index","follow":"follow","max-snippet":"max-snippet:-1","max-image-preview":"max-image-preview:large","max-video-preview":"max-video-preview:-1"},"canonical":"https:\/\/pigmentik.com\/index.php\/l-equipe\/","og_locale":"en_US","og_type":"article","og_title":"L'\u00e9quipe - Boutique BDM","og_description":"D\u00e9couvrez l\u2019\u00e9quipe Pigmentik : des cr\u00e9atifs aux comp\u00e9tences compl\u00e9mentaires, r\u00e9unis pour imaginer des projets po\u00e9tiques et contemporains sur-mesure.","og_url":"https:\/\/pigmentik.com\/index.php\/l-equipe\/","og_site_name":"Boutique BDM","article_modified_time":"2026-02-09T14:35:05+00:00","og_image":[{"url":"http:\/\/pigmentik.com\/wp-content\/uploads\/2026\/01\/Caroline.png","type":"","width":"","height":""}],"twitter_card":"summary_large_image","twitter_misc":{"Est. reading time":"1 minute"},"schema":{"@context":"https:\/\/schema.org","@graph":[{"@type":"WebPage","@id":"https:\/\/pigmentik.com\/index.php\/l-equipe\/","url":"https:\/\/pigmentik.com\/index.php\/l-equipe\/","name":"L'\u00e9quipe - Boutique BDM","isPartOf":{"@id":"https:\/\/pigmentik.com\/#website"},"primaryImageOfPage":{"@id":"https:\/\/pigmentik.com\/index.php\/l-equipe\/#primaryimage"},"image":{"@id":"https:\/\/pigmentik.com\/index.php\/l-equipe\/#primaryimage"},"thumbnailUrl":"http:\/\/pigmentik.com\/wp-content\/uploads\/2026\/01\/Caroline.png","datePublished":"2025-12-04T13:42:07+00:00","dateModified":"2026-02-09T14:35:05+00:00","description":"D\u00e9couvrez l\u2019\u00e9quipe Pigmentik : des cr\u00e9atifs aux comp\u00e9tences compl\u00e9mentaires, r\u00e9unis pour imaginer des projets po\u00e9tiques et contemporains sur-mesure.","breadcrumb":{"@id":"https:\/\/pigmentik.com\/index.php\/l-equipe\/#breadcrumb"},"inLanguage":"en-US","potentialAction":[{"@type":"ReadAction","target":["https:\/\/pigmentik.com\/index.php\/l-equipe\/"]}]},{"@type":"ImageObject","inLanguage":"en-US","@id":"https:\/\/pigmentik.com\/index.php\/l-equipe\/#primaryimage","url":"http:\/\/pigmentik.com\/wp-content\/uploads\/2026\/01\/Caroline.png","contentUrl":"http:\/\/pigmentik.com\/wp-content\/uploads\/2026\/01\/Caroline.png"},{"@type":"BreadcrumbList","@id":"https:\/\/pigmentik.com\/index.php\/l-equipe\/#breadcrumb","itemListElement":[{"@type":"ListItem","position":1,"name":"Home","item":"https:\/\/pigmentik.com\/"},{"@type":"ListItem","position":2,"name":"L&#8217;\u00e9quipe"}]},{"@type":"WebSite","@id":"https:\/\/pigmentik.com\/#website","url":"https:\/\/pigmentik.com\/","name":"Pigmentik.com","description":"chaque surface devient art","publisher":{"@id":"https:\/\/pigmentik.com\/#organization"},"potentialAction":[{"@type":"SearchAction","target":{"@type":"EntryPoint","urlTemplate":"https:\/\/pigmentik.com\/?s={search_term_string}"},"query-input":{"@type":"PropertyValueSpecification","valueRequired":true,"valueName":"search_term_string"}}],"inLanguage":"en-US"},{"@type":"Organization","@id":"https:\/\/pigmentik.com\/#organization","name":"Pigmentik.com","url":"https:\/\/pigmentik.com\/","logo":{"@type":"ImageObject","inLanguage":"en-US","@id":"https:\/\/pigmentik.com\/#\/schema\/logo\/image\/","url":"https:\/\/pigmentik.com\/wp-content\/uploads\/2026\/01\/Logo-pigmentik-or-scaled.png","contentUrl":"https:\/\/pigmentik.com\/wp-content\/uploads\/2026\/01\/Logo-pigmentik-or-scaled.png","width":2560,"height":741,"caption":"Pigmentik.com"},"image":{"@id":"https:\/\/pigmentik.com\/#\/schema\/logo\/image\/"}}]}},"_links":{"self":[{"href":"https:\/\/pigmentik.com\/index.php\/wp-json\/wp\/v2\/pages\/12","targetHints":{"allow":["GET"]}}],"collection":[{"href":"https:\/\/pigmentik.com\/index.php\/wp-json\/wp\/v2\/pages"}],"about":[{"href":"https:\/\/pigmentik.com\/index.php\/wp-json\/wp\/v2\/types\/page"}],"author":[{"embeddable":true,"href":"https:\/\/pigmentik.com\/index.php\/wp-json\/wp\/v2\/users\/1"}],"replies":[{"embeddable":true,"href":"https:\/\/pigmentik.com\/index.php\/wp-json\/wp\/v2\/comments?post=12"}],"version-history":[{"count":59,"href":"https:\/\/pigmentik.com\/index.php\/wp-json\/wp\/v2\/pages\/12\/revisions"}],"predecessor-version":[{"id":1079,"href":"https:\/\/pigmentik.com\/index.php\/wp-json\/wp\/v2\/pages\/12\/revisions\/1079"}],"wp:attachment":[{"href":"https:\/\/pigmentik.com\/index.php\/wp-json\/wp\/v2\/media?parent=12"}],"curies":[{"name":"wp","href":"https:\/\/api.w.org\/{rel}","templated":true}]}}